{"id":1014,"date":"2021-04-14T04:53:14","date_gmt":"2021-04-14T04:53:14","guid":{"rendered":"http:\/\/www.dweilorkestoke.nl\/about\/"},"modified":"2023-06-16T19:20:21","modified_gmt":"2023-06-16T19:20:21","slug":"over-ons","status":"publish","type":"page","link":"https:\/\/www.dweilorkestoke.nl\/de\/over-ons\/","title":{"rendered":"\u00dcber uns"},"content":{"rendered":"<div class=\"wp-block-uagb-container uag-blocks-common-selector uagb-block-db047289 alignfull uagb-is-root-container\"><div class=\"uagb-container-inner-blocks-wrap\">\n<div class=\"wp-block-uagb-advanced-heading uagb-block-d8a6b634\"><h6 class=\"uagb-heading-text\">\u2014 Goei&#8217;ndag eem!<\/h6><\/div>\n\n\n\n<div class=\"wp-block-uagb-advanced-heading uagb-block-c1f5c91d\"><h1 class=\"uagb-heading-text\">\u00dcber uns<\/h1><\/div>\n<\/div><\/div>\n\n\n\n<div class=\"wp-block-uagb-container uag-blocks-common-selector uagb-block-7c30d6be alignfull uagb-is-root-container\"><div class=\"uagb-container-inner-blocks-wrap\">\n<div class=\"wp-block-uagb-container uag-blocks-common-selector uagb-block-52e1a4f8\">\n<div class=\"wp-block-uagb-container uagb-block-6033b5b4\">\n<div class=\"wp-block-uagb-advanced-heading uagb-block-935d2e92\"><h2 class=\"uagb-heading-text\">Oln&#8217;zels Knooi Ensemble<\/h2><p class=\"uagb-desc-text\">Wer sind wir?<\/p><\/div>\n\n\n\n<p class=\"has-ast-global-color-5-color has-text-color\">Wir, eine Gruppe von Freunden und passionierter Karnevalsliebhabern, hatten seit langer Zeit den gro\u00dfen Wunsch, tolle Blasmusik zu spielen. Allerdings gab es nur zwei Probleme. Es besa\u00df keiner ein Instrument und es konnte auch niemand\n(Blas)Musik spielen.<\/p>\n\n\n\n<p class=\"has-ast-global-color-5-color has-text-color\">Im Jahr 2000 wurde dann das erste Problem gel\u00f6st. Ein Laden f\u00fcr Musikinstrumente hatte Ausverkauf. Es wurde eine Posaune, ein Bariton sowie eine gro\u00dfe und eine kleine Trommel gekauft.<\/p>\n\n\n\n<p class=\"has-ast-global-color-5-color has-text-color translation-block\">Unser Ziel war, gesellige Musik beim Karneval zu spielen. Dies konnten wir beim Oldenzaalse Karnevalverein \u2018De Vennemuskes\u2019 realisieren. Gerne m\u00f6chten wir auf jede Art von Sitzungen in den Niederlanden und Deutschland spielen. Wie zum Beispiel auf Hochzeiten, Polterabende, Geburtstage, Sch\u00fctzenfeste, Weinfeste, Weihnachtm\u00e4rkte, Marathon, Meisterschaften, \u00d6ffnungen von Gesch\u00e4ften und Firmen, Industrietage, Stra\u00dfenfeste u.s.w.<\/p>\n\n\n\n<blockquote class=\"wp-block-quote has-ast-global-color-5-color has-text-color has-medium-font-size is-layout-flow wp-block-quote-is-layout-flow\">      \n\t\t\t<div class=\"uagb-icon-wrapper uagb-block-0baf74f6\"\n\t\t\tstyle=\"\" >\n\t\t\t\t\t\t\t\t\t<span class=\"uagb-svg-wrapper\" \n\t\t\t\t\t aria-label=\"quote-left\"\t\t\t\t\ttabindex=\"0\">\t\t\n\t\t\t\t\t\t\t\t\t\t<svg xmlns=\"https:\/\/www.w3.org\/2000\/svg\" viewbox= \"0 0 448 512\" role=\"graphics-symbol\" aria-hidden=\"false\" aria-label=\"\"><path d=\"M96 224C84.72 224 74.05 226.3 64 229.9V224c0-35.3 28.7-64 64-64c17.67 0 32-14.33 32-32S145.7 96 128 96C57.42 96 0 153.4 0 224v96c0 53.02 42.98 96 96 96s96-42.98 96-96S149 224 96 224zM352 224c-11.28 0-21.95 2.305-32 5.879V224c0-35.3 28.7-64 64-64c17.67 0 32-14.33 32-32s-14.33-32-32-32c-70.58 0-128 57.42-128 128v96c0 53.02 42.98 96 96 96s96-42.98 96-96S405 224 352 224z\"><\/path><\/svg>\n\t\t\t\t\t\t\t\t\t<\/span>\n\t\t\t\t\t\t\t<\/div>\n\t\t\t<cite>Solange es Spa\u00df macht, ist f\u00fcr uns nichts zu verr\u00fcckt!<\/cite><\/blockquote>\n<\/div>\n\n\n\n<div class=\"wp-block-uagb-container uagb-block-c8f5d213\">\n<div class=\"wp-block-uagb-image alignleft uagb-block-ba549d2c wp-block-uagb-image--layout-default wp-block-uagb-image--effect-static wp-block-uagb-image--align-left\"><figure class=\"wp-block-uagb-image__figure\"><img decoding=\"async\" srcset=\"https:\/\/www.dweilorkestoke.nl\/wp-content\/uploads\/2023\/06\/36758182_2136291336637178_3770289181973020672_n.jpg \" sizes=\"auto, (max-width: 480px) 150px\" src=\"https:\/\/www.dweilorkestoke.nl\/wp-content\/uploads\/2023\/06\/36758182_2136291336637178_3770289181973020672_n.jpg\" alt=\"\" class=\"uag-image-1861\" width=\"1440\" height=\"1080\" title=\"\" loading=\"lazy\"\/><\/figure><\/div>\n<\/div>\n<\/div>\n<\/div><\/div>","protected":false},"excerpt":{"rendered":"<p>\u2014 Goei&#8217;ndag eem! Over ons Oln&#8217;zels Knooi Ensemble Wie zijn wij? Als vriendenclub en fervente carnavalsvierders was het al lange tijd een grote wens van ons om leuke blaasmuziek te maken. We hadden echter 2 problemen: niemand bezat een instrument en niemand kon (blaas)muziek maken. In 2000 werd het eerste probleem verholpen. Een muziekzaak in [&hellip;]<\/p>\n","protected":false},"author":1,"featured_media":0,"parent":0,"menu_order":0,"comment_status":"closed","ping_status":"closed","template":"","meta":{"_uag_custom_page_level_css":"","_monsterinsights_skip_tracking":false,"_monsterinsights_sitenote_active":false,"_monsterinsights_sitenote_note":"","_monsterinsights_sitenote_category":0,"site-sidebar-layout":"no-sidebar","site-content-layout":"plain-container","ast-site-content-layout":"default","site-content-style":"default","site-sidebar-style":"default","ast-global-header-display":"","ast-banner-title-visibility":"","ast-main-header-display":"","ast-hfb-above-header-display":"","ast-hfb-below-header-display":"","ast-hfb-mobile-header-display":"","site-post-title":"disabled","ast-breadcrumbs-content":"disabled","ast-featured-img":"disabled","footer-sml-layout":"","ast-disable-related-posts":"","theme-transparent-header-meta":"disabled","adv-header-id-meta":"","stick-header-meta":"","header-above-stick-meta":"","header-main-stick-meta":"","header-below-stick-meta":"","astra-migrate-meta-layouts":"default","ast-page-background-enabled":"default","ast-page-background-meta":{"desktop":{"background-color":"var(--ast-global-color-4)","background-image":"","background-repeat":"repeat","background-position":"center center","background-size":"auto","background-attachment":"scroll","background-type":"","background-media":"","overlay-type":"","overlay-color":"","overlay-opacity":"","overlay-gradient":""},"tablet":{"background-color":"","background-image":"","background-repeat":"repeat","background-position":"center center","background-size":"auto","background-attachment":"scroll","background-type":"","background-media":"","overlay-type":"","overlay-color":"","overlay-opacity":"","overlay-gradient":""},"mobile":{"background-color":"","background-image":"","background-repeat":"repeat","background-position":"center center","background-size":"auto","background-attachment":"scroll","background-type":"","background-media":"","overlay-type":"","overlay-color":"","overlay-opacity":"","overlay-gradient":""}},"ast-content-background-meta":{"desktop":{"background-color":"var(--ast-global-color-5)","background-image":"","background-repeat":"repeat","background-position":"center center","background-size":"auto","background-attachment":"scroll","background-type":"","background-media":"","overlay-type":"","overlay-color":"","overlay-opacity":"","overlay-gradient":""},"tablet":{"background-color":"var(--ast-global-color-5)","background-image":"","background-repeat":"repeat","background-position":"center center","background-size":"auto","background-attachment":"scroll","background-type":"","background-media":"","overlay-type":"","overlay-color":"","overlay-opacity":"","overlay-gradient":""},"mobile":{"background-color":"var(--ast-global-color-5)","background-image":"","background-repeat":"repeat","background-position":"center center","background-size":"auto","background-attachment":"scroll","background-type":"","background-media":"","overlay-type":"","overlay-color":"","overlay-opacity":"","overlay-gradient":""}},"footnotes":""},"class_list":["post-1014","page","type-page","status-publish","hentry"],"uagb_featured_image_src":{"full":false,"thumbnail":false,"medium":false,"medium_large":false,"large":false,"1536x1536":false,"2048x2048":false,"trp-custom-language-flag":false},"uagb_author_info":{"display_name":"admin","author_link":"https:\/\/www.dweilorkestoke.nl\/de\/author\/admin\/"},"uagb_comment_info":0,"uagb_excerpt":"\u2014 Goei&#8217;ndag eem! Over ons Oln&#8217;zels Knooi Ensemble Wie zijn wij? Als vriendenclub en fervente carnavalsvierders was het al lange tijd een grote wens van ons om leuke blaasmuziek te maken. We hadden echter 2 problemen: niemand bezat een instrument en niemand kon (blaas)muziek maken. In 2000 werd het eerste probleem verholpen. Een muziekzaak in&hellip;","_links":{"self":[{"href":"https:\/\/www.dweilorkestoke.nl\/de\/wp-json\/wp\/v2\/pages\/1014","targetHints":{"allow":["GET"]}}],"collection":[{"href":"https:\/\/www.dweilorkestoke.nl\/de\/wp-json\/wp\/v2\/pages"}],"about":[{"href":"https:\/\/www.dweilorkestoke.nl\/de\/wp-json\/wp\/v2\/types\/page"}],"author":[{"embeddable":true,"href":"https:\/\/www.dweilorkestoke.nl\/de\/wp-json\/wp\/v2\/users\/1"}],"replies":[{"embeddable":true,"href":"https:\/\/www.dweilorkestoke.nl\/de\/wp-json\/wp\/v2\/comments?post=1014"}],"version-history":[{"count":22,"href":"https:\/\/www.dweilorkestoke.nl\/de\/wp-json\/wp\/v2\/pages\/1014\/revisions"}],"predecessor-version":[{"id":1971,"href":"https:\/\/www.dweilorkestoke.nl\/de\/wp-json\/wp\/v2\/pages\/1014\/revisions\/1971"}],"wp:attachment":[{"href":"https:\/\/www.dweilorkestoke.nl\/de\/wp-json\/wp\/v2\/media?parent=1014"}],"curies":[{"name":"wp","href":"https:\/\/api.w.org\/{rel}","templated":true}]}}