{"id":1022,"date":"2021-04-14T04:53:57","date_gmt":"2021-04-14T04:53:57","guid":{"rendered":"http:\/\/www.dweilorkestoke.nl\/home\/"},"modified":"2023-06-16T19:14:41","modified_gmt":"2023-06-16T19:14:41","slug":"home","status":"publish","type":"page","link":"https:\/\/www.dweilorkestoke.nl\/de\/","title":{"rendered":"Wilkommen"},"content":{"rendered":"<div class=\"wp-block-uagb-container uagb-block-cdb219e8 alignfull uagb-is-root-container\"><div class=\"uagb-container-inner-blocks-wrap\">\n<div class=\"wp-block-columns is-layout-flex wp-container-core-columns-is-layout-28f84493 wp-block-columns-is-layout-flex\">\n<div class=\"wp-block-column is-layout-flow wp-block-column-is-layout-flow\" style=\"flex-basis:100%\">\n<div class=\"wp-block-uagb-info-box uagb-block-400a2b80 uagb-infobox__content-wrap  uagb-infobox-icon-above-title uagb-infobox-image-valign-top\"><div class=\"uagb-ifb-content\"><div class=\"uagb-ifb-title-wrap\"><h1 class=\"uagb-ifb-title\">Oln&#8217;zels <em>Knooi <\/em>Ensemble\u200b<\/h1><\/div><p class=\"uagb-ifb-desc\">Solange es Spa\u00df macht, ist f\u00fcr uns nichts zu verr\u00fcckt!<\/p><\/div><\/div>\n<\/div>\n<\/div>\n<\/div><\/div>\n\n\n\n<div class=\"wp-block-uagb-container uagb-block-0eb49a50 alignfull uagb-is-root-container\"><div class=\"uagb-container-inner-blocks-wrap\">\n<div class=\"wp-block-uagb-container uagb-block-300598fb\">\n<div class=\"wp-block-columns has-background is-layout-flex wp-container-core-columns-is-layout-244aab75 wp-block-columns-is-layout-flex\" style=\"background-color:#bbb7db;padding-top:var(--wp--preset--spacing--40);padding-right:var(--wp--preset--spacing--40);padding-bottom:var(--wp--preset--spacing--40);padding-left:var(--wp--preset--spacing--40)\">\n<div class=\"wp-block-column is-layout-flow wp-block-column-is-layout-flow\">\n<h3 class=\"wp-block-heading\">\u00dcber uns<\/h3>\n\n\n\n<p>Als Verein von Freunden und begeisterten Karnevalisten war es schon lange ein gro\u00dfer Wunsch von uns, lustige Blasmusik zu machen. Allerdings hatten wir zwei Probleme: Niemand besa\u00df ein Instrument und niemand konnte (Blas-)Musik machen. Im Jahr 2000 wurde das erste Problem gel\u00f6st.<\/p>\n\n\n\n<div class=\"wp-block-buttons is-layout-flex wp-block-buttons-is-layout-flex\">\n<div class=\"wp-block-button\"><a class=\"wp-block-button__link wp-element-button\" href=\"\/de\/over-ons\/\">Weiterlesen<\/a><\/div>\n<\/div>\n<\/div>\n\n\n\n<div class=\"wp-block-column has-background is-layout-flow wp-block-column-is-layout-flow\" style=\"background-color:#bbb7db\">\n<div class=\"wp-block-uagb-image aligncenter uagb-block-8e1efcff wp-block-uagb-image--layout-default wp-block-uagb-image--effect-static wp-block-uagb-image--align-center uag-hide-mob\"><figure class=\"wp-block-uagb-image__figure\"><img decoding=\"async\" srcset=\"https:\/\/www.dweilorkestoke.nl\/wp-content\/uploads\/2023\/06\/Knooi_speld_2-01-300x288.png , https:\/\/www.dweilorkestoke.nl\/wp-content\/uploads\/2023\/06\/Knooi_speld_2-01-300x288.png 360w\" sizes=\"auto, (max-width: 480px) 150px\" src=\"https:\/\/www.dweilorkestoke.nl\/wp-content\/uploads\/2023\/06\/Knooi_speld_2-01-300x288.png\" alt=\"\" class=\"uag-image-1838\" width=\"275\" height=\"288\" title=\"\" loading=\"lazy\"\/><\/figure><\/div>\n<\/div>\n<\/div>\n<\/div>\n<\/div><\/div>\n\n\n\n<p><\/p>","protected":false},"excerpt":{"rendered":"<p>Over ons Als vriendenclub en fervente carnavalsvierders was het al lange tijd een grote wens van ons om leuke blaasmuziek te maken. We hadden echter 2 problemen: niemand bezat een instrument en niemand kon (blaas)muziek maken. In 2000 werd het eerste probleem verholpen.<\/p>","protected":false},"author":1,"featured_media":0,"parent":0,"menu_order":0,"comment_status":"closed","ping_status":"closed","template":"","meta":{"_uag_custom_page_level_css":"","_monsterinsights_skip_tracking":false,"_monsterinsights_sitenote_active":false,"_monsterinsights_sitenote_note":"","_monsterinsights_sitenote_category":0,"site-sidebar-layout":"no-sidebar","site-content-layout":"plain-container","ast-site-content-layout":"default","site-content-style":"default","site-sidebar-style":"default","ast-global-header-display":"","ast-banner-title-visibility":"","ast-main-header-display":"","ast-hfb-above-header-display":"","ast-hfb-below-header-display":"","ast-hfb-mobile-header-display":"","site-post-title":"disabled","ast-breadcrumbs-content":"disabled","ast-featured-img":"disabled","footer-sml-layout":"","ast-disable-related-posts":"","theme-transparent-header-meta":"disabled","adv-header-id-meta":"","stick-header-meta":"","header-above-stick-meta":"","header-main-stick-meta":"","header-below-stick-meta":"","astra-migrate-meta-layouts":"default","ast-page-background-enabled":"default","ast-page-background-meta":{"desktop":{"background-color":"var(--ast-global-color-4)","background-image":"","background-repeat":"repeat","background-position":"center center","background-size":"auto","background-attachment":"scroll","background-type":"","background-media":"","overlay-type":"","overlay-color":"","overlay-opacity":"","overlay-gradient":""},"tablet":{"background-color":"","background-image":"","background-repeat":"repeat","background-position":"center center","background-size":"auto","background-attachment":"scroll","background-type":"","background-media":"","overlay-type":"","overlay-color":"","overlay-opacity":"","overlay-gradient":""},"mobile":{"background-color":"","background-image":"","background-repeat":"repeat","background-position":"center center","background-size":"auto","background-attachment":"scroll","background-type":"","background-media":"","overlay-type":"","overlay-color":"","overlay-opacity":"","overlay-gradient":""}},"ast-content-background-meta":{"desktop":{"background-color":"var(--ast-global-color-5)","background-image":"","background-repeat":"repeat","background-position":"center center","background-size":"auto","background-attachment":"scroll","background-type":"","background-media":"","overlay-type":"","overlay-color":"","overlay-opacity":"","overlay-gradient":""},"tablet":{"background-color":"var(--ast-global-color-5)","background-image":"","background-repeat":"repeat","background-position":"center center","background-size":"auto","background-attachment":"scroll","background-type":"","background-media":"","overlay-type":"","overlay-color":"","overlay-opacity":"","overlay-gradient":""},"mobile":{"background-color":"var(--ast-global-color-5)","background-image":"","background-repeat":"repeat","background-position":"center center","background-size":"auto","background-attachment":"scroll","background-type":"","background-media":"","overlay-type":"","overlay-color":"","overlay-opacity":"","overlay-gradient":""}},"footnotes":""},"class_list":["post-1022","page","type-page","status-publish","hentry"],"uagb_featured_image_src":{"full":false,"thumbnail":false,"medium":false,"medium_large":false,"large":false,"1536x1536":false,"2048x2048":false,"trp-custom-language-flag":false},"uagb_author_info":{"display_name":"admin","author_link":"https:\/\/www.dweilorkestoke.nl\/de\/author\/admin\/"},"uagb_comment_info":0,"uagb_excerpt":"Over ons Als vriendenclub en fervente carnavalsvierders was het al lange tijd een grote wens van ons om leuke blaasmuziek te maken. We hadden echter 2 problemen: niemand bezat een instrument en niemand kon (blaas)muziek maken. In 2000 werd het eerste probleem verholpen.","_links":{"self":[{"href":"https:\/\/www.dweilorkestoke.nl\/de\/wp-json\/wp\/v2\/pages\/1022","targetHints":{"allow":["GET"]}}],"collection":[{"href":"https:\/\/www.dweilorkestoke.nl\/de\/wp-json\/wp\/v2\/pages"}],"about":[{"href":"https:\/\/www.dweilorkestoke.nl\/de\/wp-json\/wp\/v2\/types\/page"}],"author":[{"embeddable":true,"href":"https:\/\/www.dweilorkestoke.nl\/de\/wp-json\/wp\/v2\/users\/1"}],"replies":[{"embeddable":true,"href":"https:\/\/www.dweilorkestoke.nl\/de\/wp-json\/wp\/v2\/comments?post=1022"}],"version-history":[{"count":53,"href":"https:\/\/www.dweilorkestoke.nl\/de\/wp-json\/wp\/v2\/pages\/1022\/revisions"}],"predecessor-version":[{"id":1961,"href":"https:\/\/www.dweilorkestoke.nl\/de\/wp-json\/wp\/v2\/pages\/1022\/revisions\/1961"}],"wp:attachment":[{"href":"https:\/\/www.dweilorkestoke.nl\/de\/wp-json\/wp\/v2\/media?parent=1022"}],"curies":[{"name":"wp","href":"https:\/\/api.w.org\/{rel}","templated":true}]}}